{"id":181,"date":"2025-02-28T16:41:28","date_gmt":"2025-02-28T16:41:28","guid":{"rendered":"https:\/\/querinogarciaebueno.com.br\/?page_id=181"},"modified":"2025-09-10T04:37:26","modified_gmt":"2025-09-10T04:37:26","slug":"blog","status":"publish","type":"page","link":"https:\/\/querinogarciaebueno.com.br\/?page_id=181","title":{"rendered":"Blog"},"content":{"rendered":"\t\t<div data-elementor-type=\"wp-page\" data-elementor-id=\"181\" class=\"elementor elementor-181\" data-elementor-post-type=\"page\">\n\t\t\t\t<div class=\"elementor-element elementor-element-52e9da4c e-flex e-con-boxed e-con e-parent\" data-id=\"52e9da4c\" data-element_type=\"container\" data-e-type=\"container\" data-settings=\"{&quot;background_background&quot;:&quot;classic&quot;}\">\n\t\t\t\t\t<div class=\"e-con-inner\">\n\t\t\t\t<div class=\"elementor-element elementor-element-46152ed elementor-widget__width-inherit elementor-widget elementor-widget-heading\" data-id=\"46152ed\" data-element_type=\"widget\" data-e-type=\"widget\" data-widget_type=\"heading.default\">\n\t\t\t\t<div class=\"elementor-widget-container\">\n\t\t\t\t\t<h2 class=\"elementor-heading-title elementor-size-default\">Blog<\/h2>\t\t\t\t<\/div>\n\t\t\t\t<\/div>\n\t\t\t\t\t<\/div>\n\t\t\t\t<\/div>\n\t\t<div class=\"elementor-element elementor-element-afc3dfd e-flex e-con-boxed e-con e-parent\" data-id=\"afc3dfd\" data-element_type=\"container\" data-e-type=\"container\" data-settings=\"{&quot;background_background&quot;:&quot;classic&quot;}\">\n\t\t\t\t\t<div class=\"e-con-inner\">\n\t\t\t\t<div class=\"elementor-element elementor-element-d87faa4 elementor-grid-3 elementor-grid-tablet-2 elementor-grid-mobile-1 elementor-posts--thumbnail-top load-more-align-center elementor-widget elementor-widget-posts\" data-id=\"d87faa4\" data-element_type=\"widget\" data-e-type=\"widget\" data-settings=\"{&quot;pagination_type&quot;:&quot;load_more_on_click&quot;,&quot;classic_columns&quot;:&quot;3&quot;,&quot;classic_columns_tablet&quot;:&quot;2&quot;,&quot;classic_columns_mobile&quot;:&quot;1&quot;,&quot;classic_row_gap&quot;:{&quot;unit&quot;:&quot;px&quot;,&quot;size&quot;:35,&quot;sizes&quot;:[]},&quot;classic_row_gap_tablet&quot;:{&quot;unit&quot;:&quot;px&quot;,&quot;size&quot;:&quot;&quot;,&quot;sizes&quot;:[]},&quot;classic_row_gap_mobile&quot;:{&quot;unit&quot;:&quot;px&quot;,&quot;size&quot;:&quot;&quot;,&quot;sizes&quot;:[]},&quot;load_more_spinner&quot;:{&quot;value&quot;:&quot;fas fa-spinner&quot;,&quot;library&quot;:&quot;fa-solid&quot;}}\" data-widget_type=\"posts.classic\">\n\t\t\t\t<div class=\"elementor-widget-container\">\n\t\t\t\t\t\t\t<div class=\"elementor-posts-container elementor-posts elementor-posts--skin-classic elementor-grid\">\n\t\t\t\t<article class=\"elementor-post elementor-grid-item post-153 post type-post status-publish format-standard has-post-thumbnail hentry category-consumidor\">\n\t\t\t\t<a class=\"elementor-post__thumbnail__link\" href=\"https:\/\/querinogarciaebueno.com.br\/?p=153\" tabindex=\"-1\" >\n\t\t\t<div class=\"elementor-post__thumbnail\"><img fetchpriority=\"high\" decoding=\"async\" width=\"400\" height=\"300\" src=\"https:\/\/querinogarciaebueno.com.br\/wp-content\/uploads\/2025\/02\/Artboard-1-copy-4.jpg\" class=\"attachment-full size-full wp-image-154\" alt=\"\" srcset=\"https:\/\/querinogarciaebueno.com.br\/wp-content\/uploads\/2025\/02\/Artboard-1-copy-4.jpg 400w, https:\/\/querinogarciaebueno.com.br\/wp-content\/uploads\/2025\/02\/Artboard-1-copy-4-300x225.jpg 300w\" sizes=\"(max-width: 400px) 100vw, 400px\" \/><\/div>\n\t\t<\/a>\n\t\t\t\t<div class=\"elementor-post__text\">\n\t\t\t\t<h3 class=\"elementor-post__title\">\n\t\t\t<a href=\"https:\/\/querinogarciaebueno.com.br\/?p=153\" >\n\t\t\t\tViajar nas f\u00e9rias? Cuidado com o overbooking e saiba o que fazer!\t\t\t<\/a>\n\t\t<\/h3>\n\t\t\t\t<div class=\"elementor-post__meta-data\">\n\t\t\t\t\t<span class=\"elementor-post-date\">\n\t\t\tfevereiro 27, 2025\t\t<\/span>\n\t\t\t\t<\/div>\n\t\t\t\t<div class=\"elementor-post__excerpt\">\n\t\t\t<p>Viajar nas f\u00e9rias? Cuidado com o overbooking e saiba o que fazer! &nbsp; Voc\u00ea j\u00e1 chegou no aeroporto com tudo pronto para as f\u00e9rias \u2014 passagem, check-in e mala despachada<\/p>\n\t\t<\/div>\n\t\t\n\t\t<a class=\"elementor-post__read-more\" href=\"https:\/\/querinogarciaebueno.com.br\/?p=153\" aria-label=\"Leia mais sobre Viajar nas f\u00e9rias? Cuidado com o overbooking e saiba o que fazer!\" tabindex=\"-1\" >\n\t\t\tLeia mais \u00bb\t\t<\/a>\n\n\t\t\t\t<\/div>\n\t\t\t\t<\/article>\n\t\t\t\t<article class=\"elementor-post elementor-grid-item post-150 post type-post status-publish format-standard has-post-thumbnail hentry category-consumidor\">\n\t\t\t\t<a class=\"elementor-post__thumbnail__link\" href=\"https:\/\/querinogarciaebueno.com.br\/?p=150\" tabindex=\"-1\" >\n\t\t\t<div class=\"elementor-post__thumbnail\"><img fetchpriority=\"high\" decoding=\"async\" width=\"400\" height=\"300\" src=\"https:\/\/querinogarciaebueno.com.br\/wp-content\/uploads\/2025\/02\/Artboard-1-copy-4.jpg\" class=\"attachment-full size-full wp-image-154\" alt=\"\" srcset=\"https:\/\/querinogarciaebueno.com.br\/wp-content\/uploads\/2025\/02\/Artboard-1-copy-4.jpg 400w, https:\/\/querinogarciaebueno.com.br\/wp-content\/uploads\/2025\/02\/Artboard-1-copy-4-300x225.jpg 300w\" sizes=\"(max-width: 400px) 100vw, 400px\" \/><\/div>\n\t\t<\/a>\n\t\t\t\t<div class=\"elementor-post__text\">\n\t\t\t\t<h3 class=\"elementor-post__title\">\n\t\t\t<a href=\"https:\/\/querinogarciaebueno.com.br\/?p=150\" >\n\t\t\t\tCOMPREI UM CARRO USADO E DEU PROBLEMA LOGO DEPOIS&#8230; E AGORA?\t\t\t<\/a>\n\t\t<\/h3>\n\t\t\t\t<div class=\"elementor-post__meta-data\">\n\t\t\t\t\t<span class=\"elementor-post-date\">\n\t\t\tfevereiro 27, 2025\t\t<\/span>\n\t\t\t\t<\/div>\n\t\t\t\t<div class=\"elementor-post__excerpt\">\n\t\t\t<p>Problemas com carro usado? Entenda seus direitos e o que fazer! &nbsp; Comprar um carro usado pode ser um excelente neg\u00f3cio, mas e se ele der problemas logo depois? Muitos<\/p>\n\t\t<\/div>\n\t\t\n\t\t<a class=\"elementor-post__read-more\" href=\"https:\/\/querinogarciaebueno.com.br\/?p=150\" aria-label=\"Leia mais sobre COMPREI UM CARRO USADO E DEU PROBLEMA LOGO DEPOIS&#8230; E AGORA?\" tabindex=\"-1\" >\n\t\t\tLeia mais \u00bb\t\t<\/a>\n\n\t\t\t\t<\/div>\n\t\t\t\t<\/article>\n\t\t\t\t<article class=\"elementor-post elementor-grid-item post-147 post type-post status-publish format-standard has-post-thumbnail hentry category-familiar\">\n\t\t\t\t<a class=\"elementor-post__thumbnail__link\" href=\"https:\/\/querinogarciaebueno.com.br\/?p=147\" tabindex=\"-1\" >\n\t\t\t<div class=\"elementor-post__thumbnail\"><img decoding=\"async\" width=\"400\" height=\"300\" src=\"https:\/\/querinogarciaebueno.com.br\/wp-content\/uploads\/2025\/02\/0-3.jpg\" class=\"attachment-full size-full wp-image-145\" alt=\"\" srcset=\"https:\/\/querinogarciaebueno.com.br\/wp-content\/uploads\/2025\/02\/0-3.jpg 400w, https:\/\/querinogarciaebueno.com.br\/wp-content\/uploads\/2025\/02\/0-3-300x225.jpg 300w\" sizes=\"(max-width: 400px) 100vw, 400px\" \/><\/div>\n\t\t<\/a>\n\t\t\t\t<div class=\"elementor-post__text\">\n\t\t\t\t<h3 class=\"elementor-post__title\">\n\t\t\t<a href=\"https:\/\/querinogarciaebueno.com.br\/?p=147\" >\n\t\t\t\tIm\u00f3vel comprado com valor da heran\u00e7a entra na partilha do div\u00f3rcio?\t\t\t<\/a>\n\t\t<\/h3>\n\t\t\t\t<div class=\"elementor-post__meta-data\">\n\t\t\t\t\t<span class=\"elementor-post-date\">\n\t\t\tfevereiro 27, 2025\t\t<\/span>\n\t\t\t\t<\/div>\n\t\t\t\t<div class=\"elementor-post__excerpt\">\n\t\t\t<p>IM\u00d3VEL COMPRADO COM VALOR DE HERAN\u00c7A ENTRA NA PARTILHA DO DIV\u00d3RCIO? Essa \u00e9 uma d\u00favida comum em processos de div\u00f3rcio ou dissolu\u00e7\u00e3o de uni\u00e3o est\u00e1vel. E a resposta \u00e9: depende.<\/p>\n\t\t<\/div>\n\t\t\n\t\t<a class=\"elementor-post__read-more\" href=\"https:\/\/querinogarciaebueno.com.br\/?p=147\" aria-label=\"Leia mais sobre Im\u00f3vel comprado com valor da heran\u00e7a entra na partilha do div\u00f3rcio?\" tabindex=\"-1\" >\n\t\t\tLeia mais \u00bb\t\t<\/a>\n\n\t\t\t\t<\/div>\n\t\t\t\t<\/article>\n\t\t\t\t<article class=\"elementor-post elementor-grid-item post-144 post type-post status-publish format-standard has-post-thumbnail hentry category-familiar\">\n\t\t\t\t<a class=\"elementor-post__thumbnail__link\" href=\"https:\/\/querinogarciaebueno.com.br\/?p=144\" tabindex=\"-1\" >\n\t\t\t<div class=\"elementor-post__thumbnail\"><img decoding=\"async\" width=\"400\" height=\"300\" src=\"https:\/\/querinogarciaebueno.com.br\/wp-content\/uploads\/2025\/02\/0-1.jpg\" class=\"attachment-full size-full wp-image-151\" alt=\"\" srcset=\"https:\/\/querinogarciaebueno.com.br\/wp-content\/uploads\/2025\/02\/0-1.jpg 400w, https:\/\/querinogarciaebueno.com.br\/wp-content\/uploads\/2025\/02\/0-1-300x225.jpg 300w\" sizes=\"(max-width: 400px) 100vw, 400px\" \/><\/div>\n\t\t<\/a>\n\t\t\t\t<div class=\"elementor-post__text\">\n\t\t\t\t<h3 class=\"elementor-post__title\">\n\t\t\t<a href=\"https:\/\/querinogarciaebueno.com.br\/?p=144\" >\n\t\t\t\tInvent\u00e1rio e partilha de bens: O que voc\u00ea deve saber\t\t\t<\/a>\n\t\t<\/h3>\n\t\t\t\t<div class=\"elementor-post__meta-data\">\n\t\t\t\t\t<span class=\"elementor-post-date\">\n\t\t\tfevereiro 27, 2025\t\t<\/span>\n\t\t\t\t<\/div>\n\t\t\t\t<div class=\"elementor-post__excerpt\">\n\t\t\t<p>Decidir sobre a guarda dos filhos \u00e9 um dos momentos mais delicados para pais que se separam. No Brasil, a regra \u00e9 a guarda compartilhada. Contudo, essa modalidade nem sempre<\/p>\n\t\t<\/div>\n\t\t\n\t\t<a class=\"elementor-post__read-more\" href=\"https:\/\/querinogarciaebueno.com.br\/?p=144\" aria-label=\"Leia mais sobre Invent\u00e1rio e partilha de bens: O que voc\u00ea deve saber\" tabindex=\"-1\" >\n\t\t\tLeia mais \u00bb\t\t<\/a>\n\n\t\t\t\t<\/div>\n\t\t\t\t<\/article>\n\t\t\t\t<article class=\"elementor-post elementor-grid-item post-141 post type-post status-publish format-standard has-post-thumbnail hentry category-previdenciario\">\n\t\t\t\t<a class=\"elementor-post__thumbnail__link\" href=\"https:\/\/querinogarciaebueno.com.br\/?p=141\" tabindex=\"-1\" >\n\t\t\t<div class=\"elementor-post__thumbnail\"><img decoding=\"async\" width=\"400\" height=\"300\" src=\"https:\/\/querinogarciaebueno.com.br\/wp-content\/uploads\/2025\/02\/0-3.jpg\" class=\"attachment-full size-full wp-image-145\" alt=\"\" srcset=\"https:\/\/querinogarciaebueno.com.br\/wp-content\/uploads\/2025\/02\/0-3.jpg 400w, https:\/\/querinogarciaebueno.com.br\/wp-content\/uploads\/2025\/02\/0-3-300x225.jpg 300w\" sizes=\"(max-width: 400px) 100vw, 400px\" \/><\/div>\n\t\t<\/a>\n\t\t\t\t<div class=\"elementor-post__text\">\n\t\t\t\t<h3 class=\"elementor-post__title\">\n\t\t\t<a href=\"https:\/\/querinogarciaebueno.com.br\/?p=141\" >\n\t\t\t\tGravidez e sal\u00e1rio-maternidade: saiba como receber at\u00e9 R$ 6 mil do INSS!\t\t\t<\/a>\n\t\t<\/h3>\n\t\t\t\t<div class=\"elementor-post__meta-data\">\n\t\t\t\t\t<span class=\"elementor-post-date\">\n\t\t\tfevereiro 27, 2025\t\t<\/span>\n\t\t\t\t<\/div>\n\t\t\t\t<div class=\"elementor-post__excerpt\">\n\t\t\t<p>Gravidez e sal\u00e1rio-maternidade: saiba como receber at\u00e9 R$ 6 mil do INSS! &nbsp; Muitas gr\u00e1vidas e m\u00e3es de beb\u00eas com at\u00e9 dois meses podem ter direito a receber um valor<\/p>\n\t\t<\/div>\n\t\t\n\t\t<a class=\"elementor-post__read-more\" href=\"https:\/\/querinogarciaebueno.com.br\/?p=141\" aria-label=\"Leia mais sobre Gravidez e sal\u00e1rio-maternidade: saiba como receber at\u00e9 R$ 6 mil do INSS!\" tabindex=\"-1\" >\n\t\t\tLeia mais \u00bb\t\t<\/a>\n\n\t\t\t\t<\/div>\n\t\t\t\t<\/article>\n\t\t\t\t<article class=\"elementor-post elementor-grid-item post-205 post type-post status-publish format-standard has-post-thumbnail hentry category-consumidor\">\n\t\t\t\t<a class=\"elementor-post__thumbnail__link\" href=\"https:\/\/querinogarciaebueno.com.br\/?p=205\" tabindex=\"-1\" >\n\t\t\t<div class=\"elementor-post__thumbnail\"><img loading=\"lazy\" decoding=\"async\" width=\"400\" height=\"300\" src=\"https:\/\/querinogarciaebueno.com.br\/wp-content\/uploads\/2025\/02\/0-2.jpg\" class=\"attachment-full size-full wp-image-148\" alt=\"\" srcset=\"https:\/\/querinogarciaebueno.com.br\/wp-content\/uploads\/2025\/02\/0-2.jpg 400w, https:\/\/querinogarciaebueno.com.br\/wp-content\/uploads\/2025\/02\/0-2-300x225.jpg 300w\" sizes=\"(max-width: 400px) 100vw, 400px\" \/><\/div>\n\t\t<\/a>\n\t\t\t\t<div class=\"elementor-post__text\">\n\t\t\t\t<h3 class=\"elementor-post__title\">\n\t\t\t<a href=\"https:\/\/querinogarciaebueno.com.br\/?p=205\" >\n\t\t\t\tD\u00edvidas fora de controle? A Lei do Superendividamento pode te ajudar!\t\t\t<\/a>\n\t\t<\/h3>\n\t\t\t\t<div class=\"elementor-post__meta-data\">\n\t\t\t\t\t<span class=\"elementor-post-date\">\n\t\t\tfevereiro 25, 2025\t\t<\/span>\n\t\t\t\t<\/div>\n\t\t\t\t<div class=\"elementor-post__excerpt\">\n\t\t\t<p>D\u00edvidas fora de controle? A Lei do Superendividamento pode te ajudar! &nbsp; Seja voc\u00ea um trabalhador CLT ou um empreendedor, as d\u00edvidas podem sufocar a vida financeira. Quando as contas<\/p>\n\t\t<\/div>\n\t\t\n\t\t<a class=\"elementor-post__read-more\" href=\"https:\/\/querinogarciaebueno.com.br\/?p=205\" aria-label=\"Leia mais sobre D\u00edvidas fora de controle? A Lei do Superendividamento pode te ajudar!\" tabindex=\"-1\" >\n\t\t\tLeia mais \u00bb\t\t<\/a>\n\n\t\t\t\t<\/div>\n\t\t\t\t<\/article>\n\t\t\t\t<\/div>\n\t\t\t\t\t<span class=\"e-load-more-spinner\">\n\t\t\t\t<svg aria-hidden=\"true\" class=\"e-font-icon-svg e-fas-spinner\" viewBox=\"0 0 512 512\" xmlns=\"http:\/\/www.w3.org\/2000\/svg\"><path d=\"M304 48c0 26.51-21.49 48-48 48s-48-21.49-48-48 21.49-48 48-48 48 21.49 48 48zm-48 368c-26.51 0-48 21.49-48 48s21.49 48 48 48 48-21.49 48-48-21.49-48-48-48zm208-208c-26.51 0-48 21.49-48 48s21.49 48 48 48 48-21.49 48-48-21.49-48-48-48zM96 256c0-26.51-21.49-48-48-48S0 229.49 0 256s21.49 48 48 48 48-21.49 48-48zm12.922 99.078c-26.51 0-48 21.49-48 48s21.49 48 48 48 48-21.49 48-48c0-26.509-21.491-48-48-48zm294.156 0c-26.51 0-48 21.49-48 48s21.49 48 48 48 48-21.49 48-48c0-26.509-21.49-48-48-48zM108.922 60.922c-26.51 0-48 21.49-48 48s21.49 48 48 48 48-21.49 48-48-21.491-48-48-48z\"><\/path><\/svg>\t\t\t<\/span>\n\t\t\n\t\t\t\t\t\t<\/div>\n\t\t\t\t<\/div>\n\t\t\t\t\t<\/div>\n\t\t\t\t<\/div>\n\t\t\t\t<\/div>\n\t\t","protected":false},"excerpt":{"rendered":"<p>Blog<\/p>\n","protected":false},"author":2,"featured_media":281,"parent":0,"menu_order":0,"comment_status":"closed","ping_status":"closed","template":"","meta":{"footnotes":""},"class_list":["post-181","page","type-page","status-publish","has-post-thumbnail","hentry"],"yoast_head":"<!-- This site is optimized with the Yoast SEO plugin v27.5 - https:\/\/yoast.com\/product\/yoast-seo-wordpress\/ -->\n<title>Blog - Querino, Garcica e Bueno - Advogados<\/title>\n<meta name=\"description\" content=\"O que voc\u00ea precisa saber como cidad\u00e3o - informa\u00e7\u00f5es e atualiza\u00e7\u00f5es\" \/>\n<meta name=\"robots\" content=\"index, follow, max-snippet:-1, max-image-preview:large, max-video-preview:-1\" \/>\n<link rel=\"canonical\" href=\"https:\/\/querinogarciaebueno.com.br\/?page_id=181\" \/>\n<meta property=\"og:locale\" content=\"pt_BR\" \/>\n<meta property=\"og:type\" content=\"article\" \/>\n<meta property=\"og:title\" content=\"Blog - Querino, Garcica e Bueno - Advogados\" \/>\n<meta property=\"og:description\" content=\"O que voc\u00ea precisa saber como cidad\u00e3o - informa\u00e7\u00f5es e atualiza\u00e7\u00f5es\" \/>\n<meta property=\"og:url\" content=\"https:\/\/querinogarciaebueno.com.br\/?page_id=181\" \/>\n<meta property=\"og:site_name\" content=\"Querino, Garcica e Bueno - Advogados\" \/>\n<meta property=\"article:publisher\" content=\"https:\/\/www.facebook.com\/michele.querino.adv?mibextid=wwXIfr&amp;rdid=BNunSRoZvKU9kjtC#\" \/>\n<meta property=\"article:modified_time\" content=\"2025-09-10T04:37:26+00:00\" \/>\n<meta property=\"og:image\" content=\"https:\/\/querinogarciaebueno.com.br\/wp-content\/uploads\/2025\/09\/Design-sem-nome-3.png\" \/>\n\t<meta property=\"og:image:width\" content=\"512\" \/>\n\t<meta property=\"og:image:height\" content=\"512\" \/>\n\t<meta property=\"og:image:type\" content=\"image\/png\" \/>\n<meta name=\"twitter:card\" content=\"summary_large_image\" \/>\n<meta name=\"twitter:label1\" content=\"Est. tempo de leitura\" \/>\n\t<meta name=\"twitter:data1\" content=\"1 minuto\" \/>\n<script type=\"application\/ld+json\" class=\"yoast-schema-graph\">{\"@context\":\"https:\\\/\\\/schema.org\",\"@graph\":[{\"@type\":\"WebPage\",\"@id\":\"https:\\\/\\\/querinogarciaebueno.com.br\\\/?page_id=181\",\"url\":\"https:\\\/\\\/querinogarciaebueno.com.br\\\/?page_id=181\",\"name\":\"Blog - Querino, Garcica e Bueno - Advogados\",\"isPartOf\":{\"@id\":\"https:\\\/\\\/querinogarciaebueno.com.br\\\/#website\"},\"primaryImageOfPage\":{\"@id\":\"https:\\\/\\\/querinogarciaebueno.com.br\\\/?page_id=181#primaryimage\"},\"image\":{\"@id\":\"https:\\\/\\\/querinogarciaebueno.com.br\\\/?page_id=181#primaryimage\"},\"thumbnailUrl\":\"https:\\\/\\\/querinogarciaebueno.com.br\\\/wp-content\\\/uploads\\\/2025\\\/09\\\/Design-sem-nome-3.png\",\"datePublished\":\"2025-02-28T16:41:28+00:00\",\"dateModified\":\"2025-09-10T04:37:26+00:00\",\"description\":\"O que voc\u00ea precisa saber como cidad\u00e3o - informa\u00e7\u00f5es e atualiza\u00e7\u00f5es\",\"breadcrumb\":{\"@id\":\"https:\\\/\\\/querinogarciaebueno.com.br\\\/?page_id=181#breadcrumb\"},\"inLanguage\":\"pt-BR\",\"potentialAction\":[{\"@type\":\"ReadAction\",\"target\":[\"https:\\\/\\\/querinogarciaebueno.com.br\\\/?page_id=181\"]}]},{\"@type\":\"ImageObject\",\"inLanguage\":\"pt-BR\",\"@id\":\"https:\\\/\\\/querinogarciaebueno.com.br\\\/?page_id=181#primaryimage\",\"url\":\"https:\\\/\\\/querinogarciaebueno.com.br\\\/wp-content\\\/uploads\\\/2025\\\/09\\\/Design-sem-nome-3.png\",\"contentUrl\":\"https:\\\/\\\/querinogarciaebueno.com.br\\\/wp-content\\\/uploads\\\/2025\\\/09\\\/Design-sem-nome-3.png\",\"width\":512,\"height\":512},{\"@type\":\"BreadcrumbList\",\"@id\":\"https:\\\/\\\/querinogarciaebueno.com.br\\\/?page_id=181#breadcrumb\",\"itemListElement\":[{\"@type\":\"ListItem\",\"position\":1,\"name\":\"In\u00edcio\",\"item\":\"https:\\\/\\\/querinogarciaebueno.com.br\\\/\"},{\"@type\":\"ListItem\",\"position\":2,\"name\":\"Blog\"}]},{\"@type\":\"WebSite\",\"@id\":\"https:\\\/\\\/querinogarciaebueno.com.br\\\/#website\",\"url\":\"https:\\\/\\\/querinogarciaebueno.com.br\\\/\",\"name\":\"Querino, Garcia e Bueno - Advogados\",\"description\":\"Se voc\u00ea tem algum problema legal em sua vida\u2026 N\u00f3s estamos dispon\u00edveis\",\"publisher\":{\"@id\":\"https:\\\/\\\/querinogarciaebueno.com.br\\\/#organization\"},\"potentialAction\":[{\"@type\":\"SearchAction\",\"target\":{\"@type\":\"EntryPoint\",\"urlTemplate\":\"https:\\\/\\\/querinogarciaebueno.com.br\\\/?s={search_term_string}\"},\"query-input\":{\"@type\":\"PropertyValueSpecification\",\"valueRequired\":true,\"valueName\":\"search_term_string\"}}],\"inLanguage\":\"pt-BR\"},{\"@type\":\"Organization\",\"@id\":\"https:\\\/\\\/querinogarciaebueno.com.br\\\/#organization\",\"name\":\"Querino, Garcia e Bueno\",\"url\":\"https:\\\/\\\/querinogarciaebueno.com.br\\\/\",\"logo\":{\"@type\":\"ImageObject\",\"inLanguage\":\"pt-BR\",\"@id\":\"https:\\\/\\\/querinogarciaebueno.com.br\\\/#\\\/schema\\\/logo\\\/image\\\/\",\"url\":\"https:\\\/\\\/querinogarciaebueno.com.br\\\/wp-content\\\/uploads\\\/2025\\\/09\\\/cropped-Design-sem-nome-3.png\",\"contentUrl\":\"https:\\\/\\\/querinogarciaebueno.com.br\\\/wp-content\\\/uploads\\\/2025\\\/09\\\/cropped-Design-sem-nome-3.png\",\"width\":512,\"height\":253,\"caption\":\"Querino, Garcia e Bueno\"},\"image\":{\"@id\":\"https:\\\/\\\/querinogarciaebueno.com.br\\\/#\\\/schema\\\/logo\\\/image\\\/\"},\"sameAs\":[\"https:\\\/\\\/www.facebook.com\\\/michele.querino.adv?mibextid=wwXIfr&rdid=BNunSRoZvKU9kjtC#\",\"https:\\\/\\\/www.instagram.com\\\/michelequerinoadv\\\/\"]}]}<\/script>\n<!-- \/ Yoast SEO plugin. -->","yoast_head_json":{"title":"Blog - Querino, Garcica e Bueno - Advogados","description":"O que voc\u00ea precisa saber como cidad\u00e3o - informa\u00e7\u00f5es e atualiza\u00e7\u00f5es","robots":{"index":"index","follow":"follow","max-snippet":"max-snippet:-1","max-image-preview":"max-image-preview:large","max-video-preview":"max-video-preview:-1"},"canonical":"https:\/\/querinogarciaebueno.com.br\/?page_id=181","og_locale":"pt_BR","og_type":"article","og_title":"Blog - Querino, Garcica e Bueno - Advogados","og_description":"O que voc\u00ea precisa saber como cidad\u00e3o - informa\u00e7\u00f5es e atualiza\u00e7\u00f5es","og_url":"https:\/\/querinogarciaebueno.com.br\/?page_id=181","og_site_name":"Querino, Garcica e Bueno - Advogados","article_publisher":"https:\/\/www.facebook.com\/michele.querino.adv?mibextid=wwXIfr&rdid=BNunSRoZvKU9kjtC#","article_modified_time":"2025-09-10T04:37:26+00:00","og_image":[{"width":512,"height":512,"url":"https:\/\/querinogarciaebueno.com.br\/wp-content\/uploads\/2025\/09\/Design-sem-nome-3.png","type":"image\/png"}],"twitter_card":"summary_large_image","twitter_misc":{"Est. tempo de leitura":"1 minuto"},"schema":{"@context":"https:\/\/schema.org","@graph":[{"@type":"WebPage","@id":"https:\/\/querinogarciaebueno.com.br\/?page_id=181","url":"https:\/\/querinogarciaebueno.com.br\/?page_id=181","name":"Blog - Querino, Garcica e Bueno - Advogados","isPartOf":{"@id":"https:\/\/querinogarciaebueno.com.br\/#website"},"primaryImageOfPage":{"@id":"https:\/\/querinogarciaebueno.com.br\/?page_id=181#primaryimage"},"image":{"@id":"https:\/\/querinogarciaebueno.com.br\/?page_id=181#primaryimage"},"thumbnailUrl":"https:\/\/querinogarciaebueno.com.br\/wp-content\/uploads\/2025\/09\/Design-sem-nome-3.png","datePublished":"2025-02-28T16:41:28+00:00","dateModified":"2025-09-10T04:37:26+00:00","description":"O que voc\u00ea precisa saber como cidad\u00e3o - informa\u00e7\u00f5es e atualiza\u00e7\u00f5es","breadcrumb":{"@id":"https:\/\/querinogarciaebueno.com.br\/?page_id=181#breadcrumb"},"inLanguage":"pt-BR","potentialAction":[{"@type":"ReadAction","target":["https:\/\/querinogarciaebueno.com.br\/?page_id=181"]}]},{"@type":"ImageObject","inLanguage":"pt-BR","@id":"https:\/\/querinogarciaebueno.com.br\/?page_id=181#primaryimage","url":"https:\/\/querinogarciaebueno.com.br\/wp-content\/uploads\/2025\/09\/Design-sem-nome-3.png","contentUrl":"https:\/\/querinogarciaebueno.com.br\/wp-content\/uploads\/2025\/09\/Design-sem-nome-3.png","width":512,"height":512},{"@type":"BreadcrumbList","@id":"https:\/\/querinogarciaebueno.com.br\/?page_id=181#breadcrumb","itemListElement":[{"@type":"ListItem","position":1,"name":"In\u00edcio","item":"https:\/\/querinogarciaebueno.com.br\/"},{"@type":"ListItem","position":2,"name":"Blog"}]},{"@type":"WebSite","@id":"https:\/\/querinogarciaebueno.com.br\/#website","url":"https:\/\/querinogarciaebueno.com.br\/","name":"Querino, Garcia e Bueno - Advogados","description":"Se voc\u00ea tem algum problema legal em sua vida\u2026 N\u00f3s estamos dispon\u00edveis","publisher":{"@id":"https:\/\/querinogarciaebueno.com.br\/#organization"},"potentialAction":[{"@type":"SearchAction","target":{"@type":"EntryPoint","urlTemplate":"https:\/\/querinogarciaebueno.com.br\/?s={search_term_string}"},"query-input":{"@type":"PropertyValueSpecification","valueRequired":true,"valueName":"search_term_string"}}],"inLanguage":"pt-BR"},{"@type":"Organization","@id":"https:\/\/querinogarciaebueno.com.br\/#organization","name":"Querino, Garcia e Bueno","url":"https:\/\/querinogarciaebueno.com.br\/","logo":{"@type":"ImageObject","inLanguage":"pt-BR","@id":"https:\/\/querinogarciaebueno.com.br\/#\/schema\/logo\/image\/","url":"https:\/\/querinogarciaebueno.com.br\/wp-content\/uploads\/2025\/09\/cropped-Design-sem-nome-3.png","contentUrl":"https:\/\/querinogarciaebueno.com.br\/wp-content\/uploads\/2025\/09\/cropped-Design-sem-nome-3.png","width":512,"height":253,"caption":"Querino, Garcia e Bueno"},"image":{"@id":"https:\/\/querinogarciaebueno.com.br\/#\/schema\/logo\/image\/"},"sameAs":["https:\/\/www.facebook.com\/michele.querino.adv?mibextid=wwXIfr&rdid=BNunSRoZvKU9kjtC#","https:\/\/www.instagram.com\/michelequerinoadv\/"]}]}},"_links":{"self":[{"href":"https:\/\/querinogarciaebueno.com.br\/index.php?rest_route=\/wp\/v2\/pages\/181","targetHints":{"allow":["GET"]}}],"collection":[{"href":"https:\/\/querinogarciaebueno.com.br\/index.php?rest_route=\/wp\/v2\/pages"}],"about":[{"href":"https:\/\/querinogarciaebueno.com.br\/index.php?rest_route=\/wp\/v2\/types\/page"}],"author":[{"embeddable":true,"href":"https:\/\/querinogarciaebueno.com.br\/index.php?rest_route=\/wp\/v2\/users\/2"}],"replies":[{"embeddable":true,"href":"https:\/\/querinogarciaebueno.com.br\/index.php?rest_route=%2Fwp%2Fv2%2Fcomments&post=181"}],"version-history":[{"count":10,"href":"https:\/\/querinogarciaebueno.com.br\/index.php?rest_route=\/wp\/v2\/pages\/181\/revisions"}],"predecessor-version":[{"id":204,"href":"https:\/\/querinogarciaebueno.com.br\/index.php?rest_route=\/wp\/v2\/pages\/181\/revisions\/204"}],"wp:featuredmedia":[{"embeddable":true,"href":"https:\/\/querinogarciaebueno.com.br\/index.php?rest_route=\/wp\/v2\/media\/281"}],"wp:attachment":[{"href":"https:\/\/querinogarciaebueno.com.br\/index.php?rest_route=%2Fwp%2Fv2%2Fmedia&parent=181"}],"curies":[{"name":"wp","href":"https:\/\/api.w.org\/{rel}","templated":true}]}}